{"id":840,"date":"2025-12-15T10:26:06","date_gmt":"2025-12-15T10:26:06","guid":{"rendered":"https:\/\/egeproktoloji.com\/iletisim\/"},"modified":"2025-12-19T06:13:56","modified_gmt":"2025-12-19T06:13:56","slug":"contact","status":"publish","type":"page","link":"https:\/\/egeproktoloji.com\/en\/contact\/","title":{"rendered":"Contact"},"content":{"rendered":"\t\t<div data-elementor-type=\"wp-page\" data-elementor-id=\"840\" class=\"elementor elementor-840 elementor-524\" data-elementor-post-type=\"page\">\n\t\t\t\t<div class=\"elementor-element elementor-element-3b0a7d8 e-flex e-con-boxed e-con e-parent\" data-id=\"3b0a7d8\" data-element_type=\"container\">\n\t\t\t\t\t<div class=\"e-con-inner\">\n\t\t<div class=\"elementor-element elementor-element-3e8f256 e-con-full e-flex e-con e-child\" data-id=\"3e8f256\" data-element_type=\"container\">\n\t\t<div class=\"elementor-element elementor-element-fe44e10 e-con-full e-flex e-con e-child\" data-id=\"fe44e10\" data-element_type=\"container\">\n\t\t\t\t<div class=\"elementor-element elementor-element-37b58b5 elementor-widget-mobile__width-initial elementor-widget elementor-widget-heading\" data-id=\"37b58b5\" data-element_type=\"widget\" data-widget_type=\"heading.default\">\n\t\t\t\t\t<h2 class=\"elementor-heading-title elementor-size-default\">Take the <span style=\"color:#00A8E8\">First Step<\/span> Towards Your Treatment.<\/h2>\t\t\t\t<\/div>\n\t\t\t\t<div class=\"elementor-element elementor-element-4bc0025 elementor-widget elementor-widget-text-editor\" data-id=\"4bc0025\" data-element_type=\"widget\" data-widget_type=\"text-editor.default\">\n\t\t\t\t\t\t\t\t\t<p data-path-to-node=\"2\">We are waiting for you at our clinic, where we combine advanced technology with comfort, to help you regain your health. You can fill out the form for an appointment or information.<\/p>\t\t\t\t\t\t\t\t<\/div>\n\t\t<div class=\"elementor-element elementor-element-042b9a7 e-con-full e-flex e-con e-child\" data-id=\"042b9a7\" data-element_type=\"container\">\n\t\t\t\t<div class=\"elementor-element elementor-element-3fb6887 elementor-view-stacked elementor-position-left premium-icon-box elementor-shape-circle elementor-mobile-position-top elementor-widget elementor-widget-icon-box\" data-id=\"3fb6887\" data-element_type=\"widget\" data-widget_type=\"icon-box.default\">\n\t\t\t\t\t\t\t<div class=\"elementor-icon-box-wrapper\">\n\n\t\t\t\t\t\t<div class=\"elementor-icon-box-icon\">\n\t\t\t\t<span  class=\"elementor-icon\">\n\t\t\t\t<svg xmlns=\"http:\/\/www.w3.org\/2000\/svg\" height=\"512pt\" viewBox=\"0 0 512.00068 512\" width=\"512pt\"><path d=\"m291.441406 0c-5.523437 0-10 4.476562-10 10s4.476563 10 10 10c110.589844 0 200.558594 89.972656 200.558594 200.558594 0 5.523437 4.480469 10 10 10 5.523438 0 10-4.476563 10-10 0-121.613282-98.941406-220.558594-220.558594-220.558594zm0 0\"><\/path><path d=\"m441.84375 230.5625c5.523438 0 10-4.480469 10-10 0-88.449219-71.957031-160.40625-160.402344-160.40625-5.523437 0-10 4.480469-10 10 0 5.523438 4.476563 10 10 10 77.417969 0 140.402344 62.984375 140.402344 140.40625 0 5.519531 4.476562 10 10 10zm0 0\"><\/path><path d=\"m371.675781 220.5625c0 5.519531 4.476563 10 10 10 5.523438 0 10-4.480469 10-10 0-55.269531-44.964843-100.234375-100.234375-100.234375-5.523437 0-10 4.476563-10 9.996094 0 5.523437 4.476563 10 10 10 44.242188 0 80.234375 35.992187 80.234375 80.238281zm0 0\"><\/path><path d=\"m281.441406 190.484375c0 5.519531 4.476563 9.996094 10 9.996094 11.070313 0 20.078125 9.007812 20.078125 20.082031 0 5.519531 4.476563 10 10 10 5.519531 0 10-4.480469 10-10 0-22.101562-17.980469-40.078125-40.078125-40.078125-5.523437 0-10 4.476563-10 10zm0 0\"><\/path><path d=\"m187.433594 324.679688c0 5.523437-4.476563 10-10 10-5.523438 0-10-4.476563-10-10 0-5.519532 4.476562-10 10-10 5.523437 0 10 4.480468 10 10zm0 0\"><\/path><path d=\"m274.03125 499.859375c45.535156 22.316406 100.316406 13.03125 136.324219-22.976563l20.675781-20.675781c11.226562-11.214843 11.230469-29.382812.003906-40.605469l-79.890625-79.882812c-11.207031-11.222656-29.378906-11.238281-40.597656-.003906l-33.945313 33.949218c-6.648437 6.648438-16.910156 8.003907-24.394531 3.226563-12.203125-7.800781-24.074219-16.402344-35.28125-25.566406-4.277343-3.496094-10.574219-2.863281-14.070312 1.410156-3.496094 4.277344-2.863281 10.578125 1.410156 14.070313 11.808594 9.65625 24.3125 18.71875 37.175781 26.9375 15.332032 9.792968 36.066406 7.296874 49.300782-5.9375l33.953124-33.953126c3.394532-3.398437 8.894532-3.40625 12.304688.003907l79.894531 79.886719c3.402344 3.40625 3.410157 8.914062 0 12.316406l-20.679687 20.683594c-29.996094 29.996093-75.558594 37.695312-113.382813 19.160156-138.566406-67.949219-213.957031-175.691406-252.800781-254.113282-18.582031-37.503906-10.867188-82.894531 19.199219-112.953124l20.226562-20.222657c3.390625-3.398437 8.894531-3.410156 12.300781.003907l79.902344 79.898437c3.382813 3.378906 3.417969 8.886719-.007812 12.304687l-33.945313 33.949219c-13.234375 13.234375-15.730469 33.96875-5.9375 49.304688 5.769531 9.027343 11.988281 17.933593 18.488281 26.46875 3.34375 4.394531 9.617188 5.242187 14.011719 1.898437s5.246094-9.617187 1.898438-14.015625c-6.164063-8.097656-12.070313-16.550781-17.546875-25.117187-4.777344-7.488282-3.421875-17.75 3.226562-24.398438l33.941406-33.941406c11.222657-11.207031 11.234376-29.382812.007813-40.597656l-79.894531-79.890625c-11.203125-11.222657-29.378906-11.238281-40.59375-.003907l-20.21875 20.21875c-36.140625 36.128907-45.375 90.773438-22.980469 135.972657 40.222656 81.199219 118.308594 192.769531 261.921875 263.191406zm0 0\"><\/path><\/svg>\t\t\t\t<\/span>\n\t\t\t<\/div>\n\t\t\t\n\t\t\t\t\t\t<div class=\"elementor-icon-box-content\">\n\n\t\t\t\t\t\t\t\t\t<h3 class=\"elementor-icon-box-title\">\n\t\t\t\t\t\t<span  >\n\t\t\t\t\t\t\tPhone\t\t\t\t\t\t<\/span>\n\t\t\t\t\t<\/h3>\n\t\t\t\t\n\t\t\t\t\t\t\t\t\t<p class=\"elementor-icon-box-description\">\n\t\t\t\t\t\t+90 530 299 77 35\t\t\t\t\t<\/p>\n\t\t\t\t\n\t\t\t<\/div>\n\t\t\t\n\t\t<\/div>\n\t\t\t\t\t\t<\/div>\n\t\t\t\t<div class=\"elementor-element elementor-element-d74ab2e elementor-position-left premium-icon-box elementor-view-default elementor-mobile-position-top elementor-widget elementor-widget-icon-box\" data-id=\"d74ab2e\" data-element_type=\"widget\" data-widget_type=\"icon-box.default\">\n\t\t\t\t\t\t\t<div class=\"elementor-icon-box-wrapper\">\n\n\t\t\t\t\t\t<div class=\"elementor-icon-box-icon\">\n\t\t\t\t<span  class=\"elementor-icon\">\n\t\t\t\t<svg xmlns=\"http:\/\/www.w3.org\/2000\/svg\" xmlns:xlink=\"http:\/\/www.w3.org\/1999\/xlink\" id=\"Capa_1\" x=\"0px\" y=\"0px\" viewBox=\"0 0 511.999 511.999\" style=\"enable-background:new 0 0 511.999 511.999;\" xml:space=\"preserve\"><g>\t<g>\t\t<path d=\"M256.98,40.005c-5.53-0.04-10.04,4.41-10.08,9.93c-0.04,5.52,4.4,10.03,9.93,10.07c5.52,0.04,10.03-4.4,10.07-9.92   C266.94,44.565,262.5,40.055,256.98,40.005z\"><\/path>\t<\/g><\/g><g>\t<g>\t\t<path d=\"M256.525,100.004c-38.611-0.274-70.232,30.875-70.524,69.474c-0.291,38.597,30.875,70.233,69.474,70.524   c0.179,0.001,0.357,0.002,0.536,0.002c38.353,0,69.698-31.056,69.988-69.476C326.29,131.933,295.125,100.295,256.525,100.004z    M256.009,220.005c-0.126,0-0.258-0.001-0.384-0.002c-27.571-0.208-49.833-22.806-49.625-50.375   c0.207-27.445,22.595-49.627,49.991-49.627c0.126,0,0.258,0.001,0.384,0.002c27.571,0.208,49.833,22.806,49.625,50.375   C305.792,197.823,283.405,220.005,256.009,220.005z\"><\/path>\t<\/g><\/g><g>\t<g>\t\t<path d=\"M299.631,47.589c-5.202-1.846-10.921,0.879-12.767,6.085c-1.845,5.206,0.88,10.921,6.085,12.767   c44.047,15.611,73.402,57.562,73.05,104.389c-0.041,5.522,4.402,10.033,9.925,10.075c0.025,0,0.051,0,0.077,0   c5.486,0,9.956-4.428,9.998-9.925C386.415,115.633,351.706,66.046,299.631,47.589z\"><\/path>\t<\/g><\/g><g>\t<g>\t\t<path d=\"M317.357,376.442c66.513-85.615,108.08-130.26,108.641-205.164C426.702,77.035,350.22,0,255.984,0   C162.848,0,86.71,75.428,86.002,168.728c-0.572,76.935,41.767,121.519,108.739,207.7C128.116,386.384,86.002,411.401,86.002,442   c0,20.497,18.946,38.89,53.349,51.79c31.313,11.742,72.74,18.209,116.649,18.209s85.336-6.467,116.649-18.209   c34.403-12.901,53.349-31.294,53.349-51.791C425.998,411.417,383.923,386.406,317.357,376.442z M106.001,168.879   C106.625,86.55,173.8,20,255.986,20c83.159,0,150.633,67.988,150.013,151.129c-0.532,71.134-44.614,114.971-114.991,206.714   c-12.553,16.356-24.081,31.82-34.993,46.947c-10.88-15.136-22.178-30.323-34.919-46.953   C147.81,282.253,105.459,241.729,106.001,168.879z M256,492c-85.851,0-149.999-26.397-149.999-50   c0-17.504,38.348-39.616,102.826-47.273c14.253,18.701,26.749,35.691,39.005,53.043c1.872,2.65,4.914,4.228,8.159,4.23   c0.003,0,0.006,0,0.009,0c3.242,0,6.283-1.572,8.158-4.217c12.14-17.126,24.978-34.535,39.109-53.045   c64.418,7.665,102.732,29.77,102.732,47.263C405.998,465.603,341.851,492,256,492z\"><\/path>\t<\/g><\/g><g><\/g><g><\/g><g><\/g><g><\/g><g><\/g><g><\/g><g><\/g><g><\/g><g><\/g><g><\/g><g><\/g><g><\/g><g><\/g><g><\/g><g><\/g><\/svg>\t\t\t\t<\/span>\n\t\t\t<\/div>\n\t\t\t\n\t\t\t\t\t\t<div class=\"elementor-icon-box-content\">\n\n\t\t\t\t\t\t\t\t\t<h3 class=\"elementor-icon-box-title\">\n\t\t\t\t\t\t<span  >\n\t\t\t\t\t\t\tAddress\t\t\t\t\t\t<\/span>\n\t\t\t\t\t<\/h3>\n\t\t\t\t\n\t\t\t\t\t\t\t\t\t<p class=\"elementor-icon-box-description\">\n\t\t\t\t\t\tMansuro\u011flu Mah. 1593\/1 Sk. Lider Centrio No:2 Suite:16 Bayrakl\u0131\/IZMIR - TURKEY\t\t\t\t\t<\/p>\n\t\t\t\t\n\t\t\t<\/div>\n\t\t\t\n\t\t<\/div>\n\t\t\t\t\t\t<\/div>\n\t\t\t\t<div class=\"elementor-element elementor-element-d162d50 elementor-position-left premium-icon-box elementor-view-default elementor-mobile-position-top elementor-widget elementor-widget-icon-box\" data-id=\"d162d50\" data-element_type=\"widget\" data-widget_type=\"icon-box.default\">\n\t\t\t\t\t\t\t<div class=\"elementor-icon-box-wrapper\">\n\n\t\t\t\t\t\t<div class=\"elementor-icon-box-icon\">\n\t\t\t\t<a href=\"mailto:info@egeproktoloji.com\" class=\"elementor-icon\" tabindex=\"-1\" aria-label=\"Email\">\n\t\t\t\t<svg xmlns=\"http:\/\/www.w3.org\/2000\/svg\" id=\"Layer_1\" height=\"512\" viewBox=\"0 0 100 100\" width=\"512\"><path d=\"m87 24h-62c-4.4 0-8 3.6-8 8v3c0 1.1.9 2 2 2s2-.9 2-2v-3c0-.4.1-.8.2-1.2l22.4 19.2-22.4 19.2c-.1-.4-.2-.8-.2-1.2v-3c0-1.1-.9-2-2-2s-2 .9-2 2v3c0 4.4 3.6 8 8 8h62c4.4 0 8-3.6 8-8v-36c0-4.4-3.6-8-8-8zm-62.8 4.1c.2-.1.5-.1.8-.1h62c.3 0 .6 0 .8.1l-30.5 26.1c-.8.6-1.8.6-2.6 0zm62.8 43.9h-62c-.3 0-.6 0-.8-.1l22.5-19.3 5.4 4.7c1.1 1 2.5 1.5 3.9 1.5s2.8-.5 3.9-1.5l5.4-4.7 22.5 19.3c-.2.1-.5.1-.8.1zm4-4c0 .4-.1.8-.2 1.2l-22.4-19.2 22.4-19.2c.1.4.2.8.2 1.2zm-80-23c0-1.1.9-2 2-2h12c1.1 0 2 .9 2 2s-.9 2-2 2h-12c-1.1 0-2-.9-2-2zm14 12h-18c-1.1 0-2-.9-2-2s.9-2 2-2h18c1.1 0 2 .9 2 2s-.9 2-2 2z\"><\/path><\/svg>\t\t\t\t<\/a>\n\t\t\t<\/div>\n\t\t\t\n\t\t\t\t\t\t<div class=\"elementor-icon-box-content\">\n\n\t\t\t\t\t\t\t\t\t<h3 class=\"elementor-icon-box-title\">\n\t\t\t\t\t\t<a href=\"mailto:info@egeproktoloji.com\" >\n\t\t\t\t\t\t\tEmail\t\t\t\t\t\t<\/a>\n\t\t\t\t\t<\/h3>\n\t\t\t\t\n\t\t\t\t\t\t\t\t\t<p class=\"elementor-icon-box-description\">\n\t\t\t\t\t\tinfo@egeproktoloji.com\t\t\t\t\t<\/p>\n\t\t\t\t\n\t\t\t<\/div>\n\t\t\t\n\t\t<\/div>\n\t\t\t\t\t\t<\/div>\n\t\t\t\t<\/div>\n\t\t\t\t<\/div>\n\t\t<div class=\"elementor-element elementor-element-d78138e e-con-full e-flex e-con e-child\" data-id=\"d78138e\" data-element_type=\"container\">\n\t\t<div class=\"elementor-element elementor-element-f5d471e e-con-full e-flex e-con e-child\" data-id=\"f5d471e\" data-element_type=\"container\">\n\t\t\t\t<div class=\"elementor-element elementor-element-10a7111 elementor-widget elementor-widget-google_maps\" data-id=\"10a7111\" data-element_type=\"widget\" data-widget_type=\"google_maps.default\">\n\t\t\t\t\t\t\t<div class=\"elementor-custom-embed\">\n\t\t\t<iframe loading=\"lazy\"\n\t\t\t\t\tsrc=\"https:\/\/maps.google.com\/maps?q=Do%C3%A7.%20Dr.%20%C3%96zhan%20%C3%87etinda%C4%9F%20%7C%20Genel%20Cerrahi%20Uzman%C4%B1%20%7C%20Kanser%20Cerrahisi%2C%20Obezite%20Cerrahisi%2C%20Hemoroid%20Cerrahisi&#038;t=m&#038;z=10&#038;output=embed&#038;iwloc=near\"\n\t\t\t\t\ttitle=\"Do\u00e7. Dr. \u00d6zhan \u00c7etinda\u011f | Genel Cerrahi Uzman\u0131 | Kanser Cerrahisi, Obezite Cerrahisi, Hemoroid Cerrahisi\"\n\t\t\t\t\taria-label=\"Do\u00e7. Dr. \u00d6zhan \u00c7etinda\u011f | Genel Cerrahi Uzman\u0131 | Kanser Cerrahisi, Obezite Cerrahisi, Hemoroid Cerrahisi\"\n\t\t\t><\/iframe>\n\t\t<\/div>\n\t\t\t\t\t\t<\/div>\n\t\t\t\t<\/div>\n\t\t<div class=\"elementor-element elementor-element-1bcd592 e-con-full e-flex e-con e-child\" data-id=\"1bcd592\" data-element_type=\"container\">\n\t\t<div class=\"elementor-element elementor-element-989c6f0 e-con-full e-flex e-con e-child\" data-id=\"989c6f0\" data-element_type=\"container\" data-settings=\"{&quot;background_background&quot;:&quot;gradient&quot;}\">\n\t\t\t\t<div class=\"elementor-element elementor-element-3b98043 elementor-widget elementor-widget-heading\" data-id=\"3b98043\" data-element_type=\"widget\" data-widget_type=\"heading.default\">\n\t\t\t\t\t<h2 class=\"elementor-heading-title elementor-size-default\">Schedule an Appointment<\/h2>\t\t\t\t<\/div>\n\t\t\t\t<div class=\"elementor-element elementor-element-25a4930 elementor-widget elementor-widget-template\" data-id=\"25a4930\" data-element_type=\"widget\" data-widget_type=\"template.default\">\n\t\t\t\t<div class=\"elementor-widget-container\">\n\t\t\t\t\t\t\t<div class=\"elementor-template\">\n\t\t\t\t\t<div data-elementor-type=\"section\" data-elementor-id=\"869\" class=\"elementor elementor-869 elementor-358\" data-elementor-post-type=\"elementor_library\">\n\t\t\t<div class=\"elementor-element elementor-element-d3c1219 e-flex e-con-boxed e-con e-parent\" data-id=\"d3c1219\" data-element_type=\"container\">\n\t\t\t\t\t<div class=\"e-con-inner\">\n\t\t\t\t<div class=\"elementor-element elementor-element-9f45138 elementor-button-align-stretch elementor-widget elementor-widget-form\" data-id=\"9f45138\" data-element_type=\"widget\" data-settings=\"{&quot;step_next_label&quot;:&quot;Next&quot;,&quot;step_previous_label&quot;:&quot;Previous&quot;,&quot;button_width&quot;:&quot;100&quot;,&quot;step_type&quot;:&quot;number_text&quot;,&quot;step_icon_shape&quot;:&quot;circle&quot;}\" data-widget_type=\"form.default\">\n\t\t\t\t\t\t\t<form class=\"elementor-form\" method=\"post\" name=\"New Form\" aria-label=\"New Form\">\n\t\t\t<input type=\"hidden\" name=\"post_id\" value=\"869\"\/>\n\t\t\t<input type=\"hidden\" name=\"form_id\" value=\"9f45138\"\/>\n\t\t\t<input type=\"hidden\" name=\"referer_title\" value=\"Contact\" \/>\n\n\t\t\t\t\t\t\t<input type=\"hidden\" name=\"queried_id\" value=\"840\"\/>\n\t\t\t\n\t\t\t<div class=\"elementor-form-fields-wrapper elementor-labels-\">\n\t\t\t\t\t\t\t\t<div class=\"elementor-field-type-text elementor-field-group elementor-column elementor-field-group-name elementor-col-100\">\n\t\t\t\t\t\t\t\t\t\t\t\t<label for=\"form-field-name\" class=\"elementor-field-label elementor-screen-only\">\n\t\t\t\t\t\t\t\tName Surname\t\t\t\t\t\t\t<\/label>\n\t\t\t\t\t\t\t\t\t\t\t\t\t\t<input size=\"1\" type=\"text\" name=\"form_fields[name]\" id=\"form-field-name\" class=\"elementor-field elementor-size-sm  elementor-field-textual\" placeholder=\"Name Surname\">\n\t\t\t\t\t\t\t\t\t\t\t<\/div>\n\t\t\t\t\t\t\t\t<div class=\"elementor-field-type-tel elementor-field-group elementor-column elementor-field-group-field_f78324a elementor-col-100\">\n\t\t\t\t\t\t\t\t\t\t\t\t<label for=\"form-field-field_f78324a\" class=\"elementor-field-label elementor-screen-only\">\n\t\t\t\t\t\t\t\tPhone\t\t\t\t\t\t\t<\/label>\n\t\t\t\t\t\t\t\t<input size=\"1\" type=\"tel\" name=\"form_fields[field_f78324a]\" id=\"form-field-field_f78324a\" class=\"elementor-field elementor-size-sm  elementor-field-textual\" placeholder=\"Phone\" pattern=\"[0-9()#&amp;+*-=.]+\" title=\"Only numbers and phone characters (#, -, *, etc) are accepted.\">\n\n\t\t\t\t\t\t<\/div>\n\t\t\t\t\t\t\t\t<div class=\"elementor-field-type-email elementor-field-group elementor-column elementor-field-group-email elementor-col-100 elementor-field-required\">\n\t\t\t\t\t\t\t\t\t\t\t\t<label for=\"form-field-email\" class=\"elementor-field-label elementor-screen-only\">\n\t\t\t\t\t\t\t\tEmail\t\t\t\t\t\t\t<\/label>\n\t\t\t\t\t\t\t\t\t\t\t\t\t\t<input size=\"1\" type=\"email\" name=\"form_fields[email]\" id=\"form-field-email\" class=\"elementor-field elementor-size-sm  elementor-field-textual\" placeholder=\"Email\" required=\"required\">\n\t\t\t\t\t\t\t\t\t\t\t<\/div>\n\t\t\t\t\t\t\t\t<div class=\"elementor-field-type-textarea elementor-field-group elementor-column elementor-field-group-message elementor-col-100\">\n\t\t\t\t\t\t\t\t\t\t\t\t<label for=\"form-field-message\" class=\"elementor-field-label elementor-screen-only\">\n\t\t\t\t\t\t\t\tMessages\t\t\t\t\t\t\t<\/label>\n\t\t\t\t\t\t<textarea class=\"elementor-field-textual elementor-field  elementor-size-sm\" name=\"form_fields[message]\" id=\"form-field-message\" rows=\"4\" placeholder=\"Messages\"><\/textarea>\t\t\t\t<\/div>\n\t\t\t\t\t\t\t\t<div class=\"elementor-field-group elementor-column elementor-field-type-submit elementor-col-100 e-form__buttons\">\n\t\t\t\t\t<button class=\"elementor-button elementor-size-sm\" type=\"submit\">\n\t\t\t\t\t\t<span class=\"elementor-button-content-wrapper\">\n\t\t\t\t\t\t\t\t\t\t\t\t\t\t\t\t\t\t\t\t\t\t<span class=\"elementor-button-text\">SEND<\/span>\n\t\t\t\t\t\t\t\t\t\t\t\t\t<\/span>\n\t\t\t\t\t<\/button>\n\t\t\t\t<\/div>\n\t\t\t<\/div>\n\t\t<\/form>\n\t\t\t\t\t\t<\/div>\n\t\t\t\t\t<\/div>\n\t\t\t\t<\/div>\n\t\t\t\t<\/div>\n\t\t\t\t<\/div>\n\t\t\t\t\t\t<\/div>\n\t\t\t\t<\/div>\n\t\t\t\t<\/div>\n\t\t\t\t<\/div>\n\t\t\t\t<\/div>\n\t\t\t\t<\/div>\n\t\t\t\t\t<\/div>\n\t\t\t\t<\/div>\n\t\t\t\t<\/div>\n\t\t","protected":false},"excerpt":{"rendered":"<p>Take the First Step Towards Your Treatment. We are waiting for you at our clinic, where we combine advanced technology with comfort, to help you regain your health. You can fill out the form for an appointment or information. Phone +90 530 299 77 35 Address Mansuro\u011flu Mah. 1593\/1 Sk. Lider Centrio No:2 Suite:16 Bayrakl\u0131\/IZMIR [&hellip;]<\/p>\n","protected":false},"author":1,"featured_media":0,"parent":0,"menu_order":0,"comment_status":"closed","ping_status":"closed","template":"","meta":{"_acf_changed":false,"footnotes":""},"class_list":["post-840","page","type-page","status-publish","hentry"],"acf":[],"_links":{"self":[{"href":"https:\/\/egeproktoloji.com\/en\/wp-json\/wp\/v2\/pages\/840","targetHints":{"allow":["GET"]}}],"collection":[{"href":"https:\/\/egeproktoloji.com\/en\/wp-json\/wp\/v2\/pages"}],"about":[{"href":"https:\/\/egeproktoloji.com\/en\/wp-json\/wp\/v2\/types\/page"}],"author":[{"embeddable":true,"href":"https:\/\/egeproktoloji.com\/en\/wp-json\/wp\/v2\/users\/1"}],"replies":[{"embeddable":true,"href":"https:\/\/egeproktoloji.com\/en\/wp-json\/wp\/v2\/comments?post=840"}],"version-history":[{"count":4,"href":"https:\/\/egeproktoloji.com\/en\/wp-json\/wp\/v2\/pages\/840\/revisions"}],"predecessor-version":[{"id":924,"href":"https:\/\/egeproktoloji.com\/en\/wp-json\/wp\/v2\/pages\/840\/revisions\/924"}],"wp:attachment":[{"href":"https:\/\/egeproktoloji.com\/en\/wp-json\/wp\/v2\/media?parent=840"}],"curies":[{"name":"wp","href":"https:\/\/api.w.org\/{rel}","templated":true}]}}