{"id":842,"date":"2025-12-15T08:15:56","date_gmt":"2025-12-15T08:15:56","guid":{"rendered":"https:\/\/egeproktoloji.com\/teknolojimiz\/"},"modified":"2025-12-19T06:11:05","modified_gmt":"2025-12-19T06:11:05","slug":"our-technology","status":"publish","type":"page","link":"https:\/\/egeproktoloji.com\/en\/our-technology\/","title":{"rendered":"Our Technology"},"content":{"rendered":"\t\t<div data-elementor-type=\"wp-page\" data-elementor-id=\"842\" class=\"elementor elementor-842 elementor-422\" data-elementor-post-type=\"page\">\n\t\t\t\t<div class=\"elementor-element elementor-element-5ce857f e-flex e-con-boxed e-con e-parent\" data-id=\"5ce857f\" data-element_type=\"container\">\n\t\t\t\t\t<div class=\"e-con-inner\">\n\t\t<div class=\"elementor-element elementor-element-1234dea e-con-full e-flex e-con e-child\" data-id=\"1234dea\" data-element_type=\"container\" data-settings=\"{&quot;background_background&quot;:&quot;gradient&quot;}\">\n\t\t\t\t<div class=\"elementor-element elementor-element-9eb241a elementor-widget elementor-widget-html\" data-id=\"9eb241a\" data-element_type=\"widget\" data-widget_type=\"html.default\">\n\t\t\t\t\t<style>\n   .laser-beam-bg {\n    position: absolute;\n    \/* I\u015f\u0131k tam ba\u015fl\u0131\u011f\u0131n arkas\u0131nda, ortada dursun *\/\n    top: -150px; \n    left: 50%;\n    transform: translateX(-50%);\n    \n    \/* I\u015f\u0131\u011f\u0131n yay\u0131lma alan\u0131 *\/\n    width: 600px;\n    height: 600px;\n    \n    \/* MAV\u0130 I\u015eIK (Senin rengin #00A8E8) *\/\n    \/* Merkezde %12 opakl\u0131kta, d\u0131\u015far\u0131 do\u011fru s\u0131f\u0131rlan\u0131yor *\/\n    background: radial-gradient(\n        circle, \n        rgba(0, 168, 232, 0.2) 0%, \n        rgba(255, 255, 255, 0) 70%\n    );\n    \n    \/* Keskinlik yok, buzlu cam gibi yay\u0131yoruz *\/\n    filter: blur(80px);\n    \n    z-index: 0; \/* Yaz\u0131lar\u0131n arkas\u0131nda kals\u0131n *\/\n    pointer-events: none; \/* T\u0131klamay\u0131 engellemesin *\/\n}\n<\/style>\t\t\t\t<\/div>\n\t\t<div class=\"elementor-element elementor-element-91011cd e-con-full laser-beam-bg e-flex e-con e-child\" data-id=\"91011cd\" data-element_type=\"container\">\n\t\t\t\t<\/div>\n\t\t\t\t<div class=\"elementor-element elementor-element-2b98244 elementor-widget__width-initial elementor-widget-mobile__width-initial elementor-widget elementor-widget-heading\" data-id=\"2b98244\" data-element_type=\"widget\" data-widget_type=\"heading.default\">\n\t\t\t\t\t<h2 class=\"elementor-heading-title elementor-size-default\">GERMAN ENGINEERING<\/h2>\t\t\t\t<\/div>\n\t\t\t\t<div class=\"elementor-element elementor-element-f477a29 elementor-widget__width-initial elementor-widget-mobile__width-inherit elementor-widget elementor-widget-heading\" data-id=\"f477a29\" data-element_type=\"widget\" data-widget_type=\"heading.default\">\n\t\t\t\t\t<h2 class=\"elementor-heading-title elementor-size-default\">World Standard: <span style=\"color:#00A8E8\">Biolitec Leonardo\u00ae<\/span> Laser<\/h2>\t\t\t\t<\/div>\n\t\t\t\t<div class=\"elementor-element elementor-element-301b069 elementor-widget__width-initial elementor-widget-mobile__width-inherit elementor-widget elementor-widget-text-editor\" data-id=\"301b069\" data-element_type=\"widget\" data-widget_type=\"text-editor.default\">\n\t\t\t\t\t\t\t\t\t<p data-path-to-node=\"1\">The World Standard in Proctology. Forget conventional surgery; meet a tissue-preserving, painless treatment with microscopic precision.<\/p><h3 data-path-to-node=\"2\">\u00a0<\/h3>\t\t\t\t\t\t\t\t<\/div>\n\t\t<div class=\"elementor-element elementor-element-50e23c8 e-con-full e-flex e-con e-child\" data-id=\"50e23c8\" data-element_type=\"container\">\n\t\t<div class=\"elementor-element elementor-element-d588f81 e-con-full e-flex e-con e-child\" data-id=\"d588f81\" data-element_type=\"container\">\n\t\t\t\t<div class=\"elementor-element elementor-element-bf086ef elementor-view-stacked elementor-shape-rounded biolitec-icon-box elementor-position-top elementor-mobile-position-top elementor-widget elementor-widget-icon-box\" data-id=\"bf086ef\" data-element_type=\"widget\" data-widget_type=\"icon-box.default\">\n\t\t\t\t\t\t\t<div class=\"elementor-icon-box-wrapper\">\n\n\t\t\t\t\t\t<div class=\"elementor-icon-box-icon\">\n\t\t\t\t<span  class=\"elementor-icon\">\n\t\t\t\t<svg aria-hidden=\"true\" class=\"e-font-icon-svg e-fas-star\" viewBox=\"0 0 576 512\" xmlns=\"http:\/\/www.w3.org\/2000\/svg\"><path d=\"M259.3 17.8L194 150.2 47.9 171.5c-26.2 3.8-36.7 36.1-17.7 54.6l105.7 103-25 145.5c-4.5 26.3 23.2 46 46.4 33.7L288 439.6l130.7 68.7c23.2 12.2 50.9-7.4 46.4-33.7l-25-145.5 105.7-103c19-18.5 8.5-50.8-17.7-54.6L382 150.2 316.7 17.8c-11.7-23.6-45.6-23.9-57.4 0z\"><\/path><\/svg>\t\t\t\t<\/span>\n\t\t\t<\/div>\n\t\t\t\n\t\t\t\t\t\t<div class=\"elementor-icon-box-content\">\n\n\t\t\t\t\t\t\t\t\t<h3 class=\"elementor-icon-box-title\">\n\t\t\t\t\t\t<span  >\n\t\t\t\t\t\t\t360\u00b0 Radial Emission\t\t\t\t\t\t<\/span>\n\t\t\t\t\t<\/h3>\n\t\t\t\t\n\t\t\t\t\t\t\t\t\t<p class=\"elementor-icon-box-description\">\n\t\t\t\t\t\tThanks to its patented fiber tip, it emits energy in a ring shape. It prevents point burns and acts only on the target tissue.\t\t\t\t\t<\/p>\n\t\t\t\t\n\t\t\t<\/div>\n\t\t\t\n\t\t<\/div>\n\t\t\t\t\t\t<\/div>\n\t\t\t\t<\/div>\n\t\t<div class=\"elementor-element elementor-element-fd90956 e-con-full e-flex e-con e-child\" data-id=\"fd90956\" data-element_type=\"container\">\n\t\t\t\t<div class=\"elementor-element elementor-element-5a7a547 elementor-view-stacked elementor-shape-rounded biolitec-icon-box elementor-position-top elementor-mobile-position-top elementor-widget elementor-widget-icon-box\" data-id=\"5a7a547\" data-element_type=\"widget\" data-widget_type=\"icon-box.default\">\n\t\t\t\t\t\t\t<div class=\"elementor-icon-box-wrapper\">\n\n\t\t\t\t\t\t<div class=\"elementor-icon-box-icon\">\n\t\t\t\t<span  class=\"elementor-icon\">\n\t\t\t\t<svg aria-hidden=\"true\" class=\"e-font-icon-svg e-fas-shield-alt\" viewBox=\"0 0 512 512\" xmlns=\"http:\/\/www.w3.org\/2000\/svg\"><path d=\"M466.5 83.7l-192-80a48.15 48.15 0 0 0-36.9 0l-192 80C27.7 91.1 16 108.6 16 128c0 198.5 114.5 335.7 221.5 380.3 11.8 4.9 25.1 4.9 36.9 0C360.1 472.6 496 349.3 496 128c0-19.4-11.7-36.9-29.5-44.3zM256.1 446.3l-.1-381 175.9 73.3c-3.3 151.4-82.1 261.1-175.8 307.7z\"><\/path><\/svg>\t\t\t\t<\/span>\n\t\t\t<\/div>\n\t\t\t\n\t\t\t\t\t\t<div class=\"elementor-icon-box-content\">\n\n\t\t\t\t\t\t\t\t\t<h3 class=\"elementor-icon-box-title\">\n\t\t\t\t\t\t<span  >\n\t\t\t\t\t\t\tSphincter (Muscle) Preservation\t\t\t\t\t\t<\/span>\n\t\t\t\t\t<\/h3>\n\t\t\t\t\n\t\t\t\t\t\t\t\t\t<p class=\"elementor-icon-box-description\">\n\t\t\t\t\t\tIt does not cut the anal muscles; it preserves them. It completely eliminates the fear of post-operative gas and fecal incontinence.\t\t\t\t\t<\/p>\n\t\t\t\t\n\t\t\t<\/div>\n\t\t\t\n\t\t<\/div>\n\t\t\t\t\t\t<\/div>\n\t\t\t\t<\/div>\n\t\t<div class=\"elementor-element elementor-element-4509eed e-con-full e-flex e-con e-child\" data-id=\"4509eed\" data-element_type=\"container\">\n\t\t\t\t<div class=\"elementor-element elementor-element-febdad4 elementor-view-stacked elementor-shape-rounded biolitec-icon-box elementor-position-top elementor-mobile-position-top elementor-widget elementor-widget-icon-box\" data-id=\"febdad4\" data-element_type=\"widget\" data-widget_type=\"icon-box.default\">\n\t\t\t\t\t\t\t<div class=\"elementor-icon-box-wrapper\">\n\n\t\t\t\t\t\t<div class=\"elementor-icon-box-icon\">\n\t\t\t\t<span  class=\"elementor-icon\">\n\t\t\t\t<svg aria-hidden=\"true\" class=\"e-font-icon-svg e-fas-circle-notch\" viewBox=\"0 0 512 512\" xmlns=\"http:\/\/www.w3.org\/2000\/svg\"><path d=\"M288 39.056v16.659c0 10.804 7.281 20.159 17.686 23.066C383.204 100.434 440 171.518 440 256c0 101.689-82.295 184-184 184-101.689 0-184-82.295-184-184 0-84.47 56.786-155.564 134.312-177.219C216.719 75.874 224 66.517 224 55.712V39.064c0-15.709-14.834-27.153-30.046-23.234C86.603 43.482 7.394 141.206 8.003 257.332c.72 137.052 111.477 246.956 248.531 246.667C393.255 503.711 504 392.788 504 256c0-115.633-79.14-212.779-186.211-240.236C302.678 11.889 288 23.456 288 39.056z\"><\/path><\/svg>\t\t\t\t<\/span>\n\t\t\t<\/div>\n\t\t\t\n\t\t\t\t\t\t<div class=\"elementor-icon-box-content\">\n\n\t\t\t\t\t\t\t\t\t<h3 class=\"elementor-icon-box-title\">\n\t\t\t\t\t\t<span  >\n\t\t\t\t\t\t\tMinimal Recurrence Risk\t\t\t\t\t\t<\/span>\n\t\t\t\t\t<\/h3>\n\t\t\t\t\n\t\t\t\t\t\t\t\t\t<p class=\"elementor-icon-box-description\">\n\t\t\t\t\t\tThanks to the sterilization effect of the laser and precise tissue repair, it minimizes the possibility of disease recurrence.\t\t\t\t\t<\/p>\n\t\t\t\t\n\t\t\t<\/div>\n\t\t\t\n\t\t<\/div>\n\t\t\t\t\t\t<\/div>\n\t\t\t\t<\/div>\n\t\t\t\t<\/div>\n\t\t\t\t<\/div>\n\t\t\t\t<div class=\"elementor-element elementor-element-509a6d1 elementor-widget__width-initial elementor-widget-mobile__width-inherit elementor-hidden-desktop elementor-hidden-tablet elementor-hidden-mobile elementor-widget elementor-widget-heading\" data-id=\"509a6d1\" data-element_type=\"widget\" data-widget_type=\"heading.default\">\n\t\t\t\t\t<h2 class=\"elementor-heading-title elementor-size-default\">Browse the catalogs.<\/h2>\t\t\t\t<\/div>\n\t\t<div class=\"elementor-element elementor-element-2f40adb e-con-full elementor-hidden-desktop elementor-hidden-tablet elementor-hidden-mobile e-flex e-con e-child\" data-id=\"2f40adb\" data-element_type=\"container\">\n\t\t<div class=\"elementor-element elementor-element-58243ba e-con-full e-flex e-con e-child\" data-id=\"58243ba\" data-element_type=\"container\">\n\t\t\t\t<div class=\"elementor-element elementor-element-adf3b34 elementor-widget elementor-widget-image\" data-id=\"adf3b34\" data-element_type=\"widget\" data-widget_type=\"image.default\">\n\t\t\t\t\t\t\t\t\t\t\t\t\t\t\t<img fetchpriority=\"high\" decoding=\"async\" width=\"652\" height=\"932\" src=\"https:\/\/egeproktoloji.com\/wp-content\/uploads\/2025\/12\/leonardo-mini-blue.png\" class=\"attachment-full size-full wp-image-904\" alt=\"\" srcset=\"https:\/\/egeproktoloji.com\/wp-content\/uploads\/2025\/12\/leonardo-mini-blue.png 652w, https:\/\/egeproktoloji.com\/wp-content\/uploads\/2025\/12\/leonardo-mini-blue-210x300.png 210w\" sizes=\"(max-width: 652px) 100vw, 652px\" \/>\t\t\t\t\t\t\t\t\t\t\t\t\t\t\t<\/div>\n\t\t\t\t<div class=\"elementor-element elementor-element-1f7eef8 elementor-align-justify elementor-widget elementor-widget-button\" data-id=\"1f7eef8\" data-element_type=\"widget\" data-widget_type=\"button.default\">\n\t\t\t\t\t\t\t\t\t\t<a class=\"elementor-button elementor-button-link elementor-size-sm\" href=\"https:\/\/egeproktoloji.com\/wp-content\/uploads\/2025\/12\/BIO_Broschuere_LEONARDO_MiniBlue_HNO_TR_202409_web.pdf\" target=\"_blank\">\n\t\t\t\t\t\t<span class=\"elementor-button-content-wrapper\">\n\t\t\t\t\t\t<span class=\"elementor-button-icon\">\n\t\t\t\t<svg aria-hidden=\"true\" class=\"e-font-icon-svg e-far-file-pdf\" viewBox=\"0 0 384 512\" xmlns=\"http:\/\/www.w3.org\/2000\/svg\"><path d=\"M369.9 97.9L286 14C277 5 264.8-.1 252.1-.1H48C21.5 0 0 21.5 0 48v416c0 26.5 21.5 48 48 48h288c26.5 0 48-21.5 48-48V131.9c0-12.7-5.1-25-14.1-34zM332.1 128H256V51.9l76.1 76.1zM48 464V48h160v104c0 13.3 10.7 24 24 24h104v288H48zm250.2-143.7c-12.2-12-47-8.7-64.4-6.5-17.2-10.5-28.7-25-36.8-46.3 3.9-16.1 10.1-40.6 5.4-56-4.2-26.2-37.8-23.6-42.6-5.9-4.4 16.1-.4 38.5 7 67.1-10 23.9-24.9 56-35.4 74.4-20 10.3-47 26.2-51 46.2-3.3 15.8 26 55.2 76.1-31.2 22.4-7.4 46.8-16.5 68.4-20.1 18.9 10.2 41 17 55.8 17 25.5 0 28-28.2 17.5-38.7zm-198.1 77.8c5.1-13.7 24.5-29.5 30.4-35-19 30.3-30.4 35.7-30.4 35zm81.6-190.6c7.4 0 6.7 32.1 1.8 40.8-4.4-13.9-4.3-40.8-1.8-40.8zm-24.4 136.6c9.7-16.9 18-37 24.7-54.7 8.3 15.1 18.9 27.2 30.1 35.5-20.8 4.3-38.9 13.1-54.8 19.2zm131.6-5s-5 6-37.3-7.8c35.1-2.6 40.9 5.4 37.3 7.8z\"><\/path><\/svg>\t\t\t<\/span>\n\t\t\t\t\t\t\t\t\t<span class=\"elementor-button-text\">Katalo\u011fu \u0130nceleyin<\/span>\n\t\t\t\t\t<\/span>\n\t\t\t\t\t<\/a>\n\t\t\t\t\t\t\t\t<\/div>\n\t\t\t\t<\/div>\n\t\t<div class=\"elementor-element elementor-element-968c04d e-con-full e-flex e-con e-child\" data-id=\"968c04d\" data-element_type=\"container\">\n\t\t\t\t<div class=\"elementor-element elementor-element-f3709dc elementor-widget elementor-widget-image\" data-id=\"f3709dc\" data-element_type=\"widget\" data-widget_type=\"image.default\">\n\t\t\t\t\t\t\t\t\t\t\t\t\t\t\t<img decoding=\"async\" width=\"651\" height=\"923\" src=\"https:\/\/egeproktoloji.com\/wp-content\/uploads\/2025\/12\/lhp-filac-silac.png\" class=\"attachment-full size-full wp-image-905\" alt=\"\" srcset=\"https:\/\/egeproktoloji.com\/wp-content\/uploads\/2025\/12\/lhp-filac-silac.png 651w, https:\/\/egeproktoloji.com\/wp-content\/uploads\/2025\/12\/lhp-filac-silac-212x300.png 212w\" sizes=\"(max-width: 651px) 100vw, 651px\" \/>\t\t\t\t\t\t\t\t\t\t\t\t\t\t\t<\/div>\n\t\t\t\t<div class=\"elementor-element elementor-element-3a22444 elementor-align-justify elementor-widget elementor-widget-button\" data-id=\"3a22444\" data-element_type=\"widget\" data-widget_type=\"button.default\">\n\t\t\t\t\t\t\t\t\t\t<a class=\"elementor-button elementor-button-link elementor-size-sm\" href=\"https:\/\/egeproktoloji.com\/wp-content\/uploads\/2025\/12\/BIO_Broschuere_Proctology_TR_202409_web.pdf\" target=\"_blank\">\n\t\t\t\t\t\t<span class=\"elementor-button-content-wrapper\">\n\t\t\t\t\t\t<span class=\"elementor-button-icon\">\n\t\t\t\t<svg aria-hidden=\"true\" class=\"e-font-icon-svg e-far-file-pdf\" viewBox=\"0 0 384 512\" xmlns=\"http:\/\/www.w3.org\/2000\/svg\"><path d=\"M369.9 97.9L286 14C277 5 264.8-.1 252.1-.1H48C21.5 0 0 21.5 0 48v416c0 26.5 21.5 48 48 48h288c26.5 0 48-21.5 48-48V131.9c0-12.7-5.1-25-14.1-34zM332.1 128H256V51.9l76.1 76.1zM48 464V48h160v104c0 13.3 10.7 24 24 24h104v288H48zm250.2-143.7c-12.2-12-47-8.7-64.4-6.5-17.2-10.5-28.7-25-36.8-46.3 3.9-16.1 10.1-40.6 5.4-56-4.2-26.2-37.8-23.6-42.6-5.9-4.4 16.1-.4 38.5 7 67.1-10 23.9-24.9 56-35.4 74.4-20 10.3-47 26.2-51 46.2-3.3 15.8 26 55.2 76.1-31.2 22.4-7.4 46.8-16.5 68.4-20.1 18.9 10.2 41 17 55.8 17 25.5 0 28-28.2 17.5-38.7zm-198.1 77.8c5.1-13.7 24.5-29.5 30.4-35-19 30.3-30.4 35.7-30.4 35zm81.6-190.6c7.4 0 6.7 32.1 1.8 40.8-4.4-13.9-4.3-40.8-1.8-40.8zm-24.4 136.6c9.7-16.9 18-37 24.7-54.7 8.3 15.1 18.9 27.2 30.1 35.5-20.8 4.3-38.9 13.1-54.8 19.2zm131.6-5s-5 6-37.3-7.8c35.1-2.6 40.9 5.4 37.3 7.8z\"><\/path><\/svg>\t\t\t<\/span>\n\t\t\t\t\t\t\t\t\t<span class=\"elementor-button-text\">Katalo\u011fu \u0130nceleyin<\/span>\n\t\t\t\t\t<\/span>\n\t\t\t\t\t<\/a>\n\t\t\t\t\t\t\t\t<\/div>\n\t\t\t\t<\/div>\n\t\t<div class=\"elementor-element elementor-element-5483c4b e-con-full e-flex e-con e-child\" data-id=\"5483c4b\" data-element_type=\"container\">\n\t\t\t\t<div class=\"elementor-element elementor-element-e2c09b5 elementor-widget elementor-widget-image\" data-id=\"e2c09b5\" data-element_type=\"widget\" data-widget_type=\"image.default\">\n\t\t\t\t\t\t\t\t\t\t\t\t\t\t\t<img decoding=\"async\" width=\"653\" height=\"927\" src=\"https:\/\/egeproktoloji.com\/wp-content\/uploads\/2025\/12\/leonardo-evrensel-ve-yartici.png\" class=\"attachment-large size-large wp-image-906\" alt=\"\" srcset=\"https:\/\/egeproktoloji.com\/wp-content\/uploads\/2025\/12\/leonardo-evrensel-ve-yartici.png 653w, https:\/\/egeproktoloji.com\/wp-content\/uploads\/2025\/12\/leonardo-evrensel-ve-yartici-211x300.png 211w\" sizes=\"(max-width: 653px) 100vw, 653px\" \/>\t\t\t\t\t\t\t\t\t\t\t\t\t\t\t<\/div>\n\t\t\t\t<div class=\"elementor-element elementor-element-80b1374 elementor-align-justify elementor-widget elementor-widget-button\" data-id=\"80b1374\" data-element_type=\"widget\" data-widget_type=\"button.default\">\n\t\t\t\t\t\t\t\t\t\t<a class=\"elementor-button elementor-button-link elementor-size-sm\" href=\"https:\/\/egeproktoloji.com\/wp-content\/uploads\/2025\/12\/BIO_Broschuere_LEONARDO_TR_202409_web.pdf\" target=\"_blank\">\n\t\t\t\t\t\t<span class=\"elementor-button-content-wrapper\">\n\t\t\t\t\t\t<span class=\"elementor-button-icon\">\n\t\t\t\t<svg aria-hidden=\"true\" class=\"e-font-icon-svg e-far-file-pdf\" viewBox=\"0 0 384 512\" xmlns=\"http:\/\/www.w3.org\/2000\/svg\"><path d=\"M369.9 97.9L286 14C277 5 264.8-.1 252.1-.1H48C21.5 0 0 21.5 0 48v416c0 26.5 21.5 48 48 48h288c26.5 0 48-21.5 48-48V131.9c0-12.7-5.1-25-14.1-34zM332.1 128H256V51.9l76.1 76.1zM48 464V48h160v104c0 13.3 10.7 24 24 24h104v288H48zm250.2-143.7c-12.2-12-47-8.7-64.4-6.5-17.2-10.5-28.7-25-36.8-46.3 3.9-16.1 10.1-40.6 5.4-56-4.2-26.2-37.8-23.6-42.6-5.9-4.4 16.1-.4 38.5 7 67.1-10 23.9-24.9 56-35.4 74.4-20 10.3-47 26.2-51 46.2-3.3 15.8 26 55.2 76.1-31.2 22.4-7.4 46.8-16.5 68.4-20.1 18.9 10.2 41 17 55.8 17 25.5 0 28-28.2 17.5-38.7zm-198.1 77.8c5.1-13.7 24.5-29.5 30.4-35-19 30.3-30.4 35.7-30.4 35zm81.6-190.6c7.4 0 6.7 32.1 1.8 40.8-4.4-13.9-4.3-40.8-1.8-40.8zm-24.4 136.6c9.7-16.9 18-37 24.7-54.7 8.3 15.1 18.9 27.2 30.1 35.5-20.8 4.3-38.9 13.1-54.8 19.2zm131.6-5s-5 6-37.3-7.8c35.1-2.6 40.9 5.4 37.3 7.8z\"><\/path><\/svg>\t\t\t<\/span>\n\t\t\t\t\t\t\t\t\t<span class=\"elementor-button-text\">Katalo\u011fu \u0130nceleyin<\/span>\n\t\t\t\t\t<\/span>\n\t\t\t\t\t<\/a>\n\t\t\t\t\t\t\t\t<\/div>\n\t\t\t\t<\/div>\n\t\t\t\t<\/div>\n\t\t\t\t\t<\/div>\n\t\t\t\t<\/div>\n\t\t<div class=\"elementor-element elementor-element-346a7a5 e-flex e-con-boxed e-con e-parent\" data-id=\"346a7a5\" data-element_type=\"container\">\n\t\t\t\t\t<div class=\"e-con-inner\">\n\t\t\t\t<div class=\"elementor-element elementor-element-d0981e3 elementor-widget elementor-widget-template\" data-id=\"d0981e3\" data-element_type=\"widget\" data-widget_type=\"template.default\">\n\t\t\t\t<div class=\"elementor-widget-container\">\n\t\t\t\t\t\t\t<div class=\"elementor-template\">\n\t\t\t\t\t<div data-elementor-type=\"container\" data-elementor-id=\"884\" class=\"elementor elementor-884 elementor-242\" data-elementor-post-type=\"elementor_library\">\n\t\t\t\t<div class=\"elementor-element elementor-element-6713d1ca e-flex e-con-boxed e-con e-parent\" data-id=\"6713d1ca\" data-element_type=\"container\">\n\t\t\t\t\t<div class=\"e-con-inner\">\n\t\t<div class=\"elementor-element elementor-element-2ddb3591 e-con-full e-flex e-con e-child\" data-id=\"2ddb3591\" data-element_type=\"container\" data-settings=\"{&quot;background_background&quot;:&quot;gradient&quot;}\">\n\t\t<div class=\"elementor-element elementor-element-799ae759 e-con-full e-flex e-con e-child\" data-id=\"799ae759\" data-element_type=\"container\">\n\t\t\t\t<div class=\"elementor-element elementor-element-5233017d elementor-widget elementor-widget-heading\" data-id=\"5233017d\" data-element_type=\"widget\" data-widget_type=\"heading.default\">\n\t\t\t\t\t<h2 class=\"elementor-heading-title elementor-size-default\">Ask Your Questions<\/h2>\t\t\t\t<\/div>\n\t\t\t\t<div class=\"elementor-element elementor-element-60914493 elementor-widget elementor-widget-text-editor\" data-id=\"60914493\" data-element_type=\"widget\" data-widget_type=\"text-editor.default\">\n\t\t\t\t\t\t\t\t\t<p data-path-to-node=\"1\">Briefly describe your complaint, and our team will get back to you as soon as possible regarding treatment options and appointment availability.<\/p>\t\t\t\t\t\t\t\t<\/div>\n\t\t\t\t<div class=\"elementor-element elementor-element-651f60a2 elementor-align-justify elementor-widget__width-initial elementor-widget elementor-widget-button\" data-id=\"651f60a2\" data-element_type=\"widget\" data-widget_type=\"button.default\">\n\t\t\t\t\t\t\t\t\t\t<a class=\"elementor-button elementor-button-link elementor-size-sm\" href=\"https:\/\/egeproktoloji.com\/iletisim\/\">\n\t\t\t\t\t\t<span class=\"elementor-button-content-wrapper\">\n\t\t\t\t\t\t\t\t\t<span class=\"elementor-button-text\">Contact Us<\/span>\n\t\t\t\t\t<\/span>\n\t\t\t\t\t<\/a>\n\t\t\t\t\t\t\t\t<\/div>\n\t\t\t\t<\/div>\n\t\t<div class=\"elementor-element elementor-element-5529efb5 e-con-full e-flex e-con e-child\" data-id=\"5529efb5\" data-element_type=\"container\">\n\t\t\t\t<div class=\"elementor-element elementor-element-7b268c04 elementor-absolute elementor-widget elementor-widget-image\" data-id=\"7b268c04\" data-element_type=\"widget\" data-settings=\"{&quot;_position&quot;:&quot;absolute&quot;}\" data-widget_type=\"image.default\">\n\t\t\t\t\t\t\t\t\t\t\t\t\t\t\t<img loading=\"lazy\" decoding=\"async\" width=\"800\" height=\"800\" src=\"https:\/\/egeproktoloji.com\/wp-content\/uploads\/2025\/12\/contactgirl-.webp\" class=\"attachment-large size-large wp-image-857\" alt=\"\" srcset=\"https:\/\/egeproktoloji.com\/wp-content\/uploads\/2025\/12\/contactgirl-.webp 1000w, https:\/\/egeproktoloji.com\/wp-content\/uploads\/2025\/12\/contactgirl--300x300.webp 300w, https:\/\/egeproktoloji.com\/wp-content\/uploads\/2025\/12\/contactgirl--150x150.webp 150w, https:\/\/egeproktoloji.com\/wp-content\/uploads\/2025\/12\/contactgirl--768x768.webp 768w\" sizes=\"(max-width: 800px) 100vw, 800px\" \/>\t\t\t\t\t\t\t\t\t\t\t\t\t\t\t<\/div>\n\t\t\t\t<\/div>\n\t\t\t\t<\/div>\n\t\t\t\t\t<\/div>\n\t\t\t\t<\/div>\n\t\t\t\t<\/div>\n\t\t\t\t<\/div>\n\t\t\t\t\t\t<\/div>\n\t\t\t\t<\/div>\n\t\t\t\t\t<\/div>\n\t\t\t\t<\/div>\n\t\t\t\t<\/div>\n\t\t","protected":false},"excerpt":{"rendered":"<p>GERMAN ENGINEERING World Standard: Biolitec Leonardo\u00ae Laser The World Standard in Proctology. Forget conventional surgery; meet a tissue-preserving, painless treatment with microscopic precision. \u00a0 360\u00b0 Radial Emission Thanks to its patented fiber tip, it emits energy in a ring shape. It prevents point burns and acts only on the target tissue. Sphincter (Muscle) Preservation It [&hellip;]<\/p>\n","protected":false},"author":1,"featured_media":0,"parent":0,"menu_order":0,"comment_status":"closed","ping_status":"closed","template":"","meta":{"_acf_changed":false,"footnotes":""},"class_list":["post-842","page","type-page","status-publish","hentry"],"acf":[],"_links":{"self":[{"href":"https:\/\/egeproktoloji.com\/en\/wp-json\/wp\/v2\/pages\/842","targetHints":{"allow":["GET"]}}],"collection":[{"href":"https:\/\/egeproktoloji.com\/en\/wp-json\/wp\/v2\/pages"}],"about":[{"href":"https:\/\/egeproktoloji.com\/en\/wp-json\/wp\/v2\/types\/page"}],"author":[{"embeddable":true,"href":"https:\/\/egeproktoloji.com\/en\/wp-json\/wp\/v2\/users\/1"}],"replies":[{"embeddable":true,"href":"https:\/\/egeproktoloji.com\/en\/wp-json\/wp\/v2\/comments?post=842"}],"version-history":[{"count":10,"href":"https:\/\/egeproktoloji.com\/en\/wp-json\/wp\/v2\/pages\/842\/revisions"}],"predecessor-version":[{"id":916,"href":"https:\/\/egeproktoloji.com\/en\/wp-json\/wp\/v2\/pages\/842\/revisions\/916"}],"wp:attachment":[{"href":"https:\/\/egeproktoloji.com\/en\/wp-json\/wp\/v2\/media?parent=842"}],"curies":[{"name":"wp","href":"https:\/\/api.w.org\/{rel}","templated":true}]}}